{"id":102,"date":"2016-02-13T15:08:22","date_gmt":"2016-02-13T14:08:22","guid":{"rendered":"http:\/\/relaks-brzeg.pl\/?page_id=102"},"modified":"2024-04-25T09:56:48","modified_gmt":"2024-04-25T07:56:48","slug":"pogotowie-techniczne-w-rod","status":"publish","type":"page","link":"https:\/\/relaks-brzeg.pl\/?page_id=102","title":{"rendered":"Pogotowie techniczne w ROD"},"content":{"rendered":"<h3 style=\"text-align: left;\">Gospodarze ogrod\u00f3w:<\/h3>\n<ul>\n<li>Sektor Relaks I &#8211; Skibi\u0144ski Adam tel. 512-469-569<\/li>\n<li>Sektor Relaks II &#8211; Skibi\u0144ski Adam tel. 512-469-569<\/li>\n<\/ul>\n<h3>Ogrodowe pogotowie wodoci\u0105gowe:<\/h3>\n<ul style=\"list-style-type: disc;\">\n<li>Zakrzewski Adam tel. 512-247-912<\/li>\n<\/ul>\n<h3>Ogrodowe pogotowie energetyczne:<\/h3>\n<ul>\n<li>\u00a0Sektor Relaks I : Sebastian Krawczyk<\/li>\n<li>Sektor Relaks II: Andrzej Kubiak\u00a0 \u00a0tel. 602488879<\/li>\n<\/ul>\n<div><span style=\"color: #ff0000;\">Awarie sieci elektrycznych do w\/w os\u00f3b nale\u017cy zg\u0142asza\u0107 poprzez\u00a0 Zast\u0119pc\u0119 Prezesa ROD p. Eugeniusza Gaw\u0142owskiego tel. <strong>600 546 726<\/strong><\/span><\/div>\n","protected":false},"excerpt":{"rendered":"<p>Gospodarze ogrod\u00f3w: Sektor Relaks I &#8211; Skibi\u0144ski Adam tel. 512-469-569 Sektor Relaks II &#8211; Skibi\u0144ski Adam tel. 512-469-569 Ogrodowe pogotowie wodoci\u0105gowe: Zakrzewski Adam tel. 512-247-912 Ogrodowe pogotowie energetyczne: \u00a0Sektor Relaks I : Sebastian Krawczyk Sektor Relaks II: Andrzej Kubiak\u00a0 \u00a0tel. 602488879 Awarie sieci elektrycznych do w\/w os\u00f3b nale\u017cy zg\u0142asza\u0107 poprzez\u00a0 Zast\u0119pc\u0119 Prezesa ROD p. Eugeniusza [&hellip;]<\/p>\n","protected":false},"author":2,"featured_media":1462,"parent":10,"menu_order":0,"comment_status":"closed","ping_status":"closed","template":"","meta":{"footnotes":""},"class_list":["post-102","page","type-page","status-publish","has-post-thumbnail","hentry"],"_links":{"self":[{"href":"https:\/\/relaks-brzeg.pl\/index.php?rest_route=\/wp\/v2\/pages\/102"}],"collection":[{"href":"https:\/\/relaks-brzeg.pl\/index.php?rest_route=\/wp\/v2\/pages"}],"about":[{"href":"https:\/\/relaks-brzeg.pl\/index.php?rest_route=\/wp\/v2\/types\/page"}],"author":[{"embeddable":true,"href":"https:\/\/relaks-brzeg.pl\/index.php?rest_route=\/wp\/v2\/users\/2"}],"replies":[{"embeddable":true,"href":"https:\/\/relaks-brzeg.pl\/index.php?rest_route=%2Fwp%2Fv2%2Fcomments&post=102"}],"version-history":[{"count":18,"href":"https:\/\/relaks-brzeg.pl\/index.php?rest_route=\/wp\/v2\/pages\/102\/revisions"}],"predecessor-version":[{"id":2814,"href":"https:\/\/relaks-brzeg.pl\/index.php?rest_route=\/wp\/v2\/pages\/102\/revisions\/2814"}],"up":[{"embeddable":true,"href":"https:\/\/relaks-brzeg.pl\/index.php?rest_route=\/wp\/v2\/pages\/10"}],"wp:featuredmedia":[{"embeddable":true,"href":"https:\/\/relaks-brzeg.pl\/index.php?rest_route=\/wp\/v2\/media\/1462"}],"wp:attachment":[{"href":"https:\/\/relaks-brzeg.pl\/index.php?rest_route=%2Fwp%2Fv2%2Fmedia&parent=102"}],"curies":[{"name":"wp","href":"https:\/\/api.w.org\/{rel}","templated":true}]}}