{"id":1316,"date":"2022-02-14T18:13:59","date_gmt":"2022-02-14T17:13:59","guid":{"rendered":"https:\/\/relaks-brzeg.pl\/?page_id=1316"},"modified":"2022-02-23T12:37:46","modified_gmt":"2022-02-23T11:37:46","slug":"druki-do-pobrania","status":"publish","type":"page","link":"https:\/\/relaks-brzeg.pl\/?page_id=1316","title":{"rendered":"DRUKI &#8211; WZORY DOKUMENT\u00d3W"},"content":{"rendered":"<p style=\"text-align: center;\"><span style=\"font-family: verdana, geneva, sans-serif; color: #ff0000;\">NA TEJ STRONIE ZNAJDZIESZ WZORY DRUK\u00d3W &#8211; DOKUMENT\u00d3W DO POBRANIA I WYPE\u0141NIENIA<\/span><\/p>\n<p style=\"text-align: center;\"><span style=\"font-family: verdana, geneva, sans-serif; color: #ff0000;\"> (KLIKNIJ NA PONI\u017bSZY LINK ABY POBRA\u0106 DOKUMENT )<\/span><!--more--><\/p>\n<h4 style=\"text-align: justify;\"><strong>DRUKI\u00a0DLA DZIA\u0141KOWCA:<\/strong><\/h4>\n<ul style=\"list-style-type: square;\">\n<li style=\"text-align: left;\">\n<h4><a href=\"https:\/\/relaks-brzeg.pl\/wp-content\/uploads\/2022\/02\/aaaUmowa-przeniesienia-prawa-do-dzia\u0142ki.docx\">Umowa przeniesienia prawa-do-dzia\u0142ki<\/a><\/h4>\n<\/li>\n<li>\n<h4><a href=\"https:\/\/relaks-brzeg.pl\/wp-content\/uploads\/2022\/02\/wniosek-o-zatwierdzenie-przeniesienia-prawa-do-dzia\u0142ki-3.docx\">wniosek-o-zatwierdzenie-przeniesienia-prawa-do-dzia\u0142ki <\/a><\/h4>\n<\/li>\n<li>\n<h4><a href=\"https:\/\/relaks-brzeg.pl\/wp-content\/uploads\/2022\/02\/Wzor-deklaracji-czlonkowskiej-1.docx\">DEKLARACJA CZ\u0141ONKOWSKA ROD<\/a><\/h4>\n<\/li>\n<li>\n<h4><a href=\"https:\/\/relaks-brzeg.pl\/wp-content\/uploads\/2022\/02\/O\u015bwiadczenie_o_wstapieniu_w_prawa_do_ddzia\u0142ki_po_zmar\u0142um_wsp\u00f3\u0142ma\u0142\u017conku_3.docx\">O\u015bwiadczenie_o_wstapieniu_w_prawa_do_ddzia\u0142ki_po_zmar\u0142um_wsp\u00f3\u0142ma\u0142\u017conku<\/a><\/h4>\n<\/li>\n<li>\n<h4><a href=\"https:\/\/relaks-brzeg.pl\/wp-content\/uploads\/2022\/02\/wniosek_osoby_bliskiej_o_ustanowienie_prawa_po_zmar\u0142ym_dziakowcu_3-1.docx\">wniosek_osoby_bliskiej_o_ustanowienie_prawa_po_zmar\u0142ym_dziakowcu<\/a><\/h4>\n<\/li>\n<\/ul>\n<h4><strong>DRUKI DLA ZARZ\u0104DU ROD:<\/strong><\/h4>\n<ul>\n<li>\n<h4><a href=\"https:\/\/relaks-brzeg.pl\/wp-content\/uploads\/2022\/02\/UMOWA_DZIERAWY_DZIAKOWEJ.doc\">UMOWA DZIER\u017bAWY DZIA\u0141KOWEJ<\/a><\/h4>\n<\/li>\n<li>\n<h4><a href=\"https:\/\/relaks-brzeg.pl\/wp-content\/uploads\/2022\/02\/wz\u00f3r-uchwa\u0142y-.docx\">uchwa\u0142a w sprawie zgody na podpisanie umowy dzier\u017cawy dzia\u0142kowej<\/a><\/h4>\n<\/li>\n<li>\n<h4><a href=\"https:\/\/relaks-brzeg.pl\/wp-content\/uploads\/2022\/02\/Umowa-zamiany-praw-do-dzia\u0142ek.docx\">umowa zmiany praw do dzia\u0142ki<\/a><\/h4>\n<\/li>\n<li>\n<h4><a href=\"https:\/\/relaks-brzeg.pl\/wp-content\/uploads\/2022\/02\/Umowa-zamiany-praw-do-dzia\u0142ek-1.docx\">Umowa zamiany praw do dzia\u0142ek<\/a><\/h4>\n<\/li>\n<li>\n<h4><a href=\"https:\/\/relaks-brzeg.pl\/wp-content\/uploads\/2022\/02\/Uchwala-o-zatwierdzeniu-umowy-1.doc\">Uchwala o zatwierdzeniu umowy\u00a0<\/a><\/h4>\n<\/li>\n<li>\n<h4><a href=\"https:\/\/relaks-brzeg.pl\/wp-content\/uploads\/2022\/02\/Uchwala-w-sprawie-przyjecia-w-poczet-czlonkow-pzd.doc\">Uchwala-w-sprawie-przyjecia-w-poczet-czlonkow-pzd<\/a><\/h4>\n<\/li>\n<li>\n<h4><a href=\"https:\/\/relaks-brzeg.pl\/wp-content\/uploads\/2022\/02\/wz\u00f3r-uchwa\u0142y_art.27-w-spr.-zawarcia-umowy-dzier\u017canwy-dzialkowej-ze-wesp\u00f3\u0142ma\u0142\u017conkiem-dzia\u0142kowca.docx\">uchwa\u0142a w sprawie zawarcia umowy dzier\u017cawy dzia\u0142kowej ze wsp\u00f3\u0142ma\u0142\u017conkiem dzia\u0142kowca<\/a><\/h4>\n<\/li>\n<li>\n<h4><a href=\"https:\/\/relaks-brzeg.pl\/wp-content\/uploads\/2022\/02\/O\u015bwiadczenie-Zarz\u0105du-ROD-o-zatwierdzeniu-przeniesienia-prawa-do-dzia\u0142ki.docx\">o\u015bwiadczenie o zatwierdzeniu przeniesienia prawa do dzia\u0142ki<\/a><\/h4>\n<\/li>\n<li>\n<h4><a href=\"https:\/\/relaks-brzeg.pl\/wp-content\/uploads\/2022\/02\/O\u015bwiadczenie-Zarz\u0105du-ROD-o-odmowie-zatwierdzenia-przeniesienia-prawa-do-dzia\u0142ki.docx\">o\u015bwiadczenie o odmowie zatwierdzenia przeniesienia prawa do dzia\u0142ki<\/a><\/h4>\n<\/li>\n<li>\n<h4><a href=\"https:\/\/relaks-brzeg.pl\/wp-content\/uploads\/2022\/02\/inwentaryzacja_urzdzenia_trwae.doc\">protok\u00f3\u0142 inwentaryzacji dzia\u0142ki \u2013 urz\u0105dzenia trwa\u0142e<\/a><\/h4>\n<\/li>\n<li>\n<h4><a href=\"https:\/\/relaks-brzeg.pl\/wp-content\/uploads\/2022\/02\/inwestaryzacja-ro\u015bliny.doc\">protok\u00f3\u0142 inwentaryzacji dzia\u0142ki \u2013 ro\u015bliny<\/a><\/h4>\n<\/li>\n<li>\n<h4><a href=\"https:\/\/relaks-brzeg.pl\/wp-content\/uploads\/2022\/02\/wz\u00f3r-uchwa\u0142y-zarz\u0105du-ROD-ws.-wypowiedzenia-umowy-dzier\u017cawy-dzia\u0142kowej-nabycie-praw-na-mocy-umowy-dzier\u017cawy-podpisanej-z-zarz\u0105dem-ROD-po-wej\u015bciu-w-\u017cycie-ustawy.docx\">Uchwala o wypowiedzeniu umowy-zawartej-z-zarzadem ROD<\/a><\/h4>\n<\/li>\n<li>\n<h4><a href=\"https:\/\/relaks-brzeg.pl\/wp-content\/uploads\/2022\/02\/wz\u00f3r-uchwa\u0142y-zarz\u0105du-ROD-ws.-wypowiedzenia-umowy-dzier\u017cawy-dzia\u0142kowej-nabycie-praw-na-podstawie-umowy-przeniesienia-po-wej\u015bciu-w-\u017cycie-ustawy-o-rod.docx\">Uchwala-o-wypowiedzeniu-umowy-zawartej-w-drodze-przeniesienia-praw<\/a><\/h4>\n<\/li>\n<li>\n<h4><a href=\"https:\/\/relaks-brzeg.pl\/wp-content\/uploads\/2022\/02\/wz\u00f3r-uchwa\u0142y-zarz\u0105du-ROD-ws.-wypowiedzenia-umowy-dzier\u017cawy-dzia\u0142kowej-nabycie-praw-przez-wej\u015bciem-w-\u017cycie-ustawy-o-rod.docx\">Uchwala o wypowiedzeniu umowy przekszta\u0142conej z mocy ustawy<\/a><\/h4>\n<\/li>\n<li>\n<h4><a href=\"https:\/\/relaks-brzeg.pl\/wp-content\/uploads\/2022\/02\/wypowiedzenie-umowy-dzier\u017cawy.docx\">wypowiedzenie umowy dzier\u017cawy dzia\u0142kowej<\/a><\/h4>\n<\/li>\n<li>\n<h4><a href=\"https:\/\/relaks-brzeg.pl\/wp-content\/uploads\/2022\/02\/POROZUMIENIE.docx\">rozwi\u0105zanie umowy dzier\u017cawy dzia\u0142kowej za porozumieniem stron<\/a><\/h4>\n<\/li>\n<li>\n<h4><a href=\"https:\/\/relaks-brzeg.pl\/wp-content\/uploads\/2022\/02\/Wezwanie-do-zaplaty1.doc\">Wezwanie do zap\u0142aty<\/a><\/h4>\n<\/li>\n<li>\n<h4><a href=\"https:\/\/relaks-brzeg.pl\/wp-content\/uploads\/2022\/02\/wezwanie-do-usuni\u0119cia-nieprawid\u0142owo\u015bci.docx\">Wezwanie do usuni\u0119cia nieprawid\u0142owo\u015bci na dzia\u0142ce<\/a><\/h4>\n<\/li>\n<li>\n<h4><a href=\"https:\/\/relaks-brzeg.pl\/wp-content\/uploads\/2022\/02\/wniosek_o_wydanie_nieruchomoci_zawarcie_porozumienia.doc\">wniosek o wydanie nieruchomo\u015bci dzia\u0142ki po wyga\u015bni\u0119ciu prawa u\u017cytkowania dzia\u0142ki<\/a><\/h4>\n<\/li>\n<li>\n<h4><a href=\"https:\/\/relaks-brzeg.pl\/wp-content\/uploads\/2022\/02\/pozew_o_nakazanie_sprzeday_i_wydanie_nieruchomoci.doc\">pozew dot. nakazu sprzeda\u017cy obiekt\u00f3w i nasadze\u0144 znajduj\u0105cych si\u0119 na dzia\u0142ce<\/a><\/h4>\n<\/li>\n<li>\n<h4><a href=\"https:\/\/relaks-brzeg.pl\/wp-content\/uploads\/2022\/02\/1-wz\u00f3r-zawadomienia-gdy-dane-od-nabywcy.docx\">Zawiadomienie dzia\u0142kowca jako osoby, od kt\u00f3rej pozyskano jej dane osobowe (RODO)<\/a><\/h4>\n<\/li>\n<li>\n<h4><a href=\"https:\/\/relaks-brzeg.pl\/wp-content\/uploads\/2022\/02\/Wniosek-o-dotacj\u0119.docx\">Wniosek o przyznanie dotacji z Funduszu Rozwoju PZD<\/a><\/h4>\n<\/li>\n<li>\n<h4><a href=\"https:\/\/relaks-brzeg.pl\/wp-content\/uploads\/2022\/02\/Uchwa\u0142a-o-dotacji.pdf\">Uchwa\u0142a Prezydium OZ PZD z dnia 23.10.2015 r. w spr. zasad i kryteri\u00f3w udzielenia i rozliczania dotacji dla rod z Okr\u0119gowego Funduszu Rozwoju ROD.<\/a><\/h4>\n<\/li>\n<li>\n<h4><a href=\"https:\/\/relaks-brzeg.pl\/wp-content\/uploads\/2022\/02\/umowa-udost\u0119pnienie-maj\u0105tku-PZD.pdf\">Wz\u00f3r umowy na udost\u0119pnienie maj\u0105tku PZD wraz z za\u0142\u0105cznikami<\/a><\/h4>\n<\/li>\n<li>\n<h4><a href=\"https:\/\/relaks-brzeg.pl\/wp-content\/uploads\/2022\/02\/ANTONI-PROCEDURY-POST\u0118POWANIA-ZARZ\u0104DU-ROD.pdf\">A. Falkowski \u2013 Procedury post\u0119powania zarz\u0105du ROD (cz\u0119\u015b\u0107 I)<\/a><\/h4>\n<\/li>\n<li>\n<h4><a href=\"https:\/\/relaks-brzeg.pl\/wp-content\/uploads\/2022\/02\/ANTONI-PROCEDURY-ZARZ\u0104DU-ROD-cz\u0119\u015b\u0107-II.pdf\">A. Falkowski \u2013 Procedury post\u0119powania zarz\u0105du ROD (cz\u0119\u015b\u0107 II)<\/a><\/h4>\n<\/li>\n<li>\n<h4><a href=\"http:\/\/pzd.pl\/wzory-dokumentow.html\">ZBI\u00d3R WSZYSTKICH DOKUMENT\u00d3W (KLIKNIJ TU)<\/a><\/h4>\n<\/li>\n<\/ul>\n","protected":false},"excerpt":{"rendered":"<p>NA TEJ STRONIE ZNAJDZIESZ WZORY DRUK\u00d3W &#8211; DOKUMENT\u00d3W DO POBRANIA I WYPE\u0141NIENIA (KLIKNIJ NA PONI\u017bSZY LINK ABY POBRA\u0106 DOKUMENT )<\/p>\n","protected":false},"author":4,"featured_media":1465,"parent":0,"menu_order":0,"comment_status":"closed","ping_status":"closed","template":"page-templates\/contact.php","meta":{"footnotes":""},"class_list":["post-1316","page","type-page","status-publish","has-post-thumbnail","hentry"],"_links":{"self":[{"href":"https:\/\/relaks-brzeg.pl\/index.php?rest_route=\/wp\/v2\/pages\/1316"}],"collection":[{"href":"https:\/\/relaks-brzeg.pl\/index.php?rest_route=\/wp\/v2\/pages"}],"about":[{"href":"https:\/\/relaks-brzeg.pl\/index.php?rest_route=\/wp\/v2\/types\/page"}],"author":[{"embeddable":true,"href":"https:\/\/relaks-brzeg.pl\/index.php?rest_route=\/wp\/v2\/users\/4"}],"replies":[{"embeddable":true,"href":"https:\/\/relaks-brzeg.pl\/index.php?rest_route=%2Fwp%2Fv2%2Fcomments&post=1316"}],"version-history":[{"count":24,"href":"https:\/\/relaks-brzeg.pl\/index.php?rest_route=\/wp\/v2\/pages\/1316\/revisions"}],"predecessor-version":[{"id":1478,"href":"https:\/\/relaks-brzeg.pl\/index.php?rest_route=\/wp\/v2\/pages\/1316\/revisions\/1478"}],"wp:featuredmedia":[{"embeddable":true,"href":"https:\/\/relaks-brzeg.pl\/index.php?rest_route=\/wp\/v2\/media\/1465"}],"wp:attachment":[{"href":"https:\/\/relaks-brzeg.pl\/index.php?rest_route=%2Fwp%2Fv2%2Fmedia&parent=1316"}],"curies":[{"name":"wp","href":"https:\/\/api.w.org\/{rel}","templated":true}]}}