{"id":2,"date":"2016-02-04T19:19:56","date_gmt":"2016-02-04T18:19:56","guid":{"rendered":"http:\/\/relaks-brzeg.pl\/?page_id=2"},"modified":"2023-04-05T15:10:25","modified_gmt":"2023-04-05T13:10:25","slug":"przykladowa-strona","status":"publish","type":"page","link":"https:\/\/relaks-brzeg.pl\/?page_id=2","title":{"rendered":"Ogrodowa Komisja Rewizyjna"},"content":{"rendered":"<ol>\n<li style=\"text-align: justify;\">\n<h2>Ambroziak Adolf &#8211; Przewodnicz\u0105cy<\/h2>\n<\/li>\n<li>\n<h2>Kowal Ryszard &#8211; Zast\u0119pca Przewodnicz\u0105cego<\/h2>\n<\/li>\n<li>\n<h2>Janusz Fali\u0144ski &#8211; Sekretarz<\/h2>\n<\/li>\n<\/ol>\n","protected":false},"excerpt":{"rendered":"<p>Ambroziak Adolf &#8211; Przewodnicz\u0105cy Kowal Ryszard &#8211; Zast\u0119pca Przewodnicz\u0105cego Janusz Fali\u0144ski &#8211; Sekretarz<\/p>\n","protected":false},"author":1,"featured_media":0,"parent":0,"menu_order":0,"comment_status":"closed","ping_status":"open","template":"","meta":{"footnotes":""},"class_list":["post-2","page","type-page","status-publish","hentry"],"_links":{"self":[{"href":"https:\/\/relaks-brzeg.pl\/index.php?rest_route=\/wp\/v2\/pages\/2"}],"collection":[{"href":"https:\/\/relaks-brzeg.pl\/index.php?rest_route=\/wp\/v2\/pages"}],"about":[{"href":"https:\/\/relaks-brzeg.pl\/index.php?rest_route=\/wp\/v2\/types\/page"}],"author":[{"embeddable":true,"href":"https:\/\/relaks-brzeg.pl\/index.php?rest_route=\/wp\/v2\/users\/1"}],"replies":[{"embeddable":true,"href":"https:\/\/relaks-brzeg.pl\/index.php?rest_route=%2Fwp%2Fv2%2Fcomments&post=2"}],"version-history":[{"count":13,"href":"https:\/\/relaks-brzeg.pl\/index.php?rest_route=\/wp\/v2\/pages\/2\/revisions"}],"predecessor-version":[{"id":2639,"href":"https:\/\/relaks-brzeg.pl\/index.php?rest_route=\/wp\/v2\/pages\/2\/revisions\/2639"}],"wp:attachment":[{"href":"https:\/\/relaks-brzeg.pl\/index.php?rest_route=%2Fwp%2Fv2%2Fmedia&parent=2"}],"curies":[{"name":"wp","href":"https:\/\/api.w.org\/{rel}","templated":true}]}}